{"id":807,"date":"2025-09-25T19:29:42","date_gmt":"2025-09-25T19:29:42","guid":{"rendered":"https:\/\/hotmilk.pucpr.br\/saneparlabs\/?page_id=807"},"modified":"2025-11-26T19:57:21","modified_gmt":"2025-11-26T19:57:21","slug":"gestao-do-portfolio","status":"publish","type":"page","link":"https:\/\/hotmilk.pucpr.br\/saneparlabs\/gestao-do-portfolio\/","title":{"rendered":"Gest\u00e3o do portfolio"},"content":{"rendered":"","protected":true},"excerpt":{"rendered":"","protected":true},"author":1,"featured_media":0,"parent":0,"menu_order":0,"comment_status":"closed","ping_status":"closed","template":"","meta":{"footnotes":""},"class_list":["post-807","page","type-page","status-publish","post-password-required","hentry"],"yoast_head":"<!-- This site is optimized with the Yoast SEO plugin v27.4 - https:\/\/yoast.com\/product\/yoast-seo-wordpress\/ -->\n<title>Gest\u00e3o do portfolio - Sanepar Labs<\/title>\n<meta name=\"robots\" content=\"noindex, nofollow\" \/>\n<meta property=\"og:locale\" content=\"pt_BR\" \/>\n<meta property=\"og:type\" content=\"article\" \/>\n<meta property=\"og:title\" content=\"Gest\u00e3o do portfolio - Sanepar Labs\" \/>\n<meta property=\"og:description\" content=\"N\u00e3o h\u00e1 resumo por ser um post protegido.\" \/>\n<meta property=\"og:url\" content=\"https:\/\/hotmilk.pucpr.br\/saneparlabs\/gestao-do-portfolio\/\" \/>\n<meta property=\"og:site_name\" content=\"Sanepar Labs\" \/>\n<meta property=\"article:modified_time\" content=\"2025-11-26T19:57:21+00:00\" \/>\n<meta name=\"twitter:card\" content=\"summary_large_image\" \/>\n<meta name=\"twitter:label1\" content=\"Est. tempo de leitura\" \/>\n\t<meta name=\"twitter:data1\" content=\"1 minuto\" \/>\n<script type=\"application\/ld+json\" class=\"yoast-schema-graph\">{\"@context\":\"https:\\\/\\\/schema.org\",\"@graph\":[{\"@type\":\"WebPage\",\"@id\":\"https:\\\/\\\/hotmilk.pucpr.br\\\/saneparlabs\\\/gestao-do-portfolio\\\/\",\"url\":\"https:\\\/\\\/hotmilk.pucpr.br\\\/saneparlabs\\\/gestao-do-portfolio\\\/\",\"name\":\"Gest\u00e3o do portfolio - Sanepar Labs\",\"isPartOf\":{\"@id\":\"https:\\\/\\\/hotmilk.pucpr.br\\\/saneparlabs\\\/#website\"},\"datePublished\":\"2025-09-25T19:29:42+00:00\",\"dateModified\":\"2025-11-26T19:57:21+00:00\",\"breadcrumb\":{\"@id\":\"https:\\\/\\\/hotmilk.pucpr.br\\\/saneparlabs\\\/gestao-do-portfolio\\\/#breadcrumb\"},\"inLanguage\":\"pt-BR\"},{\"@type\":\"WebSite\",\"@id\":\"https:\\\/\\\/hotmilk.pucpr.br\\\/saneparlabs\\\/#website\",\"url\":\"https:\\\/\\\/hotmilk.pucpr.br\\\/saneparlabs\\\/\",\"name\":\"Sanepar Labs\",\"description\":\"Solu\u00e7\u00f5es que geram inovabilidade\",\"publisher\":{\"@id\":\"https:\\\/\\\/hotmilk.pucpr.br\\\/saneparlabs\\\/#organization\"},\"potentialAction\":[{\"@type\":\"SearchAction\",\"target\":{\"@type\":\"EntryPoint\",\"urlTemplate\":\"https:\\\/\\\/hotmilk.pucpr.br\\\/saneparlabs\\\/?s={search_term_string}\"},\"query-input\":{\"@type\":\"PropertyValueSpecification\",\"valueRequired\":true,\"valueName\":\"search_term_string\"}}],\"inLanguage\":\"pt-BR\"},{\"@type\":\"Organization\",\"@id\":\"https:\\\/\\\/hotmilk.pucpr.br\\\/saneparlabs\\\/#organization\",\"name\":\"Sanepar Labs\",\"url\":\"https:\\\/\\\/hotmilk.pucpr.br\\\/saneparlabs\\\/\",\"logo\":{\"@type\":\"ImageObject\",\"inLanguage\":\"pt-BR\",\"@id\":\"https:\\\/\\\/hotmilk.pucpr.br\\\/saneparlabs\\\/#\\\/schema\\\/logo\\\/image\\\/\",\"url\":\"https:\\\/\\\/hotmilk.pucpr.br\\\/saneparlabs\\\/wp-content\\\/uploads\\\/2025\\\/05\\\/logo-saneparlabs-azul.svg\",\"contentUrl\":\"https:\\\/\\\/hotmilk.pucpr.br\\\/saneparlabs\\\/wp-content\\\/uploads\\\/2025\\\/05\\\/logo-saneparlabs-azul.svg\",\"width\":273,\"height\":72,\"caption\":\"Sanepar Labs\"},\"image\":{\"@id\":\"https:\\\/\\\/hotmilk.pucpr.br\\\/saneparlabs\\\/#\\\/schema\\\/logo\\\/image\\\/\"}}]}<\/script>\n<!-- \/ Yoast SEO plugin. -->","yoast_head_json":{"title":"Gest\u00e3o do portfolio - Sanepar Labs","robots":{"index":"noindex","follow":"nofollow"},"og_locale":"pt_BR","og_type":"article","og_title":"Gest\u00e3o do portfolio - Sanepar Labs","og_description":"N\u00e3o h\u00e1 resumo por ser um post protegido.","og_url":"https:\/\/hotmilk.pucpr.br\/saneparlabs\/gestao-do-portfolio\/","og_site_name":"Sanepar Labs","article_modified_time":"2025-11-26T19:57:21+00:00","twitter_card":"summary_large_image","twitter_misc":{"Est. tempo de leitura":"1 minuto"},"schema":{"@context":"https:\/\/schema.org","@graph":[{"@type":"WebPage","@id":"https:\/\/hotmilk.pucpr.br\/saneparlabs\/gestao-do-portfolio\/","url":"https:\/\/hotmilk.pucpr.br\/saneparlabs\/gestao-do-portfolio\/","name":"Gest\u00e3o do portfolio - Sanepar Labs","isPartOf":{"@id":"https:\/\/hotmilk.pucpr.br\/saneparlabs\/#website"},"datePublished":"2025-09-25T19:29:42+00:00","dateModified":"2025-11-26T19:57:21+00:00","breadcrumb":{"@id":"https:\/\/hotmilk.pucpr.br\/saneparlabs\/gestao-do-portfolio\/#breadcrumb"},"inLanguage":"pt-BR"},{"@type":"WebSite","@id":"https:\/\/hotmilk.pucpr.br\/saneparlabs\/#website","url":"https:\/\/hotmilk.pucpr.br\/saneparlabs\/","name":"Sanepar Labs","description":"Solu\u00e7\u00f5es que geram inovabilidade","publisher":{"@id":"https:\/\/hotmilk.pucpr.br\/saneparlabs\/#organization"},"potentialAction":[{"@type":"SearchAction","target":{"@type":"EntryPoint","urlTemplate":"https:\/\/hotmilk.pucpr.br\/saneparlabs\/?s={search_term_string}"},"query-input":{"@type":"PropertyValueSpecification","valueRequired":true,"valueName":"search_term_string"}}],"inLanguage":"pt-BR"},{"@type":"Organization","@id":"https:\/\/hotmilk.pucpr.br\/saneparlabs\/#organization","name":"Sanepar Labs","url":"https:\/\/hotmilk.pucpr.br\/saneparlabs\/","logo":{"@type":"ImageObject","inLanguage":"pt-BR","@id":"https:\/\/hotmilk.pucpr.br\/saneparlabs\/#\/schema\/logo\/image\/","url":"https:\/\/hotmilk.pucpr.br\/saneparlabs\/wp-content\/uploads\/2025\/05\/logo-saneparlabs-azul.svg","contentUrl":"https:\/\/hotmilk.pucpr.br\/saneparlabs\/wp-content\/uploads\/2025\/05\/logo-saneparlabs-azul.svg","width":273,"height":72,"caption":"Sanepar Labs"},"image":{"@id":"https:\/\/hotmilk.pucpr.br\/saneparlabs\/#\/schema\/logo\/image\/"}}]}},"_links":{"self":[{"href":"https:\/\/hotmilk.pucpr.br\/saneparlabs\/wp-json\/wp\/v2\/pages\/807","targetHints":{"allow":["GET"]}}],"collection":[{"href":"https:\/\/hotmilk.pucpr.br\/saneparlabs\/wp-json\/wp\/v2\/pages"}],"about":[{"href":"https:\/\/hotmilk.pucpr.br\/saneparlabs\/wp-json\/wp\/v2\/types\/page"}],"author":[{"embeddable":true,"href":"https:\/\/hotmilk.pucpr.br\/saneparlabs\/wp-json\/wp\/v2\/users\/1"}],"replies":[{"embeddable":true,"href":"https:\/\/hotmilk.pucpr.br\/saneparlabs\/wp-json\/wp\/v2\/comments?post=807"}],"version-history":[{"count":0,"href":"https:\/\/hotmilk.pucpr.br\/saneparlabs\/wp-json\/wp\/v2\/pages\/807\/revisions"}],"wp:attachment":[{"href":"https:\/\/hotmilk.pucpr.br\/saneparlabs\/wp-json\/wp\/v2\/media?parent=807"}],"curies":[{"name":"wp","href":"https:\/\/api.w.org\/{rel}","templated":true}]}}