{"id":580,"date":"2025-06-26T13:33:44","date_gmt":"2025-06-26T13:33:44","guid":{"rendered":"https:\/\/hotmilk.pucpr.br\/saneparlabs\/?page_id=580"},"modified":"2025-08-14T15:05:36","modified_gmt":"2025-08-14T15:05:36","slug":"pre-inscricao","status":"publish","type":"page","link":"https:\/\/hotmilk.pucpr.br\/saneparlabs\/pre-inscricao\/","title":{"rendered":"Pr\u00e9-Inscri\u00e7\u00e3o"},"content":{"rendered":"\t\t<div data-elementor-type=\"wp-page\" data-elementor-id=\"580\" class=\"elementor elementor-580\" data-elementor-post-type=\"page\">\n\t\t\t\t<div class=\"elementor-element elementor-element-8e4f077 e-flex e-con-boxed e-con e-parent\" data-id=\"8e4f077\" data-element_type=\"container\" data-e-type=\"container\" data-settings=\"{&quot;background_background&quot;:&quot;gradient&quot;}\">\n\t\t\t\t\t<div class=\"e-con-inner\">\n\t\t\t\t<div class=\"elementor-element elementor-element-f942efd elementor-widget elementor-widget-image\" data-id=\"f942efd\" data-element_type=\"widget\" data-e-type=\"widget\" data-widget_type=\"image.default\">\n\t\t\t\t<div class=\"elementor-widget-container\">\n\t\t\t\t\t\t\t\t\t\t\t\t\t\t\t<img decoding=\"async\" width=\"273\" height=\"72\" src=\"https:\/\/hotmilk.pucpr.br\/saneparlabs\/wp-content\/uploads\/2025\/05\/logo-saneparlabs-branco.svg\" class=\"attachment-full size-full wp-image-43\" alt=\"\" \/>\t\t\t\t\t\t\t\t\t\t\t\t\t\t\t<\/div>\n\t\t\t\t<\/div>\n\t\t\t\t<div class=\"elementor-element elementor-element-17a78ac elementor-widget elementor-widget-heading\" data-id=\"17a78ac\" data-element_type=\"widget\" data-e-type=\"widget\" data-widget_type=\"heading.default\">\n\t\t\t\t<div class=\"elementor-widget-container\">\n\t\t\t\t\t<h1 class=\"elementor-heading-title elementor-size-default\">Preencha os dados abaixo e\ntenha acesso ao Formul\u00e1rio de Inscri\u00e7\u00e3o.<\/h1>\t\t\t\t<\/div>\n\t\t\t\t<\/div>\n\t\t\t\t<div class=\"elementor-element elementor-element-4c1efe1 elementor-button-align-center elementor-widget__width-initial elementor-widget elementor-widget-form\" data-id=\"4c1efe1\" data-element_type=\"widget\" data-e-type=\"widget\" data-settings=\"{&quot;step_next_label&quot;:&quot;Next&quot;,&quot;step_previous_label&quot;:&quot;Previous&quot;,&quot;button_width&quot;:&quot;100&quot;,&quot;step_type&quot;:&quot;number_text&quot;,&quot;step_icon_shape&quot;:&quot;circle&quot;}\" data-widget_type=\"form.default\">\n\t\t\t\t<div class=\"elementor-widget-container\">\n\t\t\t\t\t\t\t<form class=\"elementor-form\" method=\"post\" id=\"Form_Pre_Inscricao_SANEPAR_LABS_Celeste\" name=\"Form_Pre_Inscricao_SANEPAR_LABS_Celeste\" aria-label=\"Form_Pre_Inscricao_SANEPAR_LABS_Celeste\">\n\t\t\t<input type=\"hidden\" name=\"post_id\" value=\"580\"\/>\n\t\t\t<input type=\"hidden\" name=\"form_id\" value=\"4c1efe1\"\/>\n\t\t\t<input type=\"hidden\" name=\"referer_title\" value=\"Sanepar Labs\" \/>\n\n\t\t\t\n\t\t\t<div class=\"elementor-form-fields-wrapper elementor-labels-\">\n\t\t\t\t\t\t\t\t<div class=\"elementor-field-type-text elementor-field-group elementor-column elementor-field-group-nome elementor-col-50 elementor-field-required\">\n\t\t\t\t\t\t\t\t\t\t\t\t<label for=\"form-field-nome\" class=\"elementor-field-label elementor-screen-only\">\n\t\t\t\t\t\t\t\tNome\t\t\t\t\t\t\t<\/label>\n\t\t\t\t\t\t\t\t\t\t\t\t\t\t<input size=\"1\" type=\"text\" name=\"form_fields[nome]\" id=\"form-field-nome\" class=\"elementor-field elementor-size-sm  elementor-field-textual\" placeholder=\"Nome\" required=\"required\">\n\t\t\t\t\t\t\t\t\t\t\t<\/div>\n\t\t\t\t\t\t\t\t<div class=\"elementor-field-type-email elementor-field-group elementor-column elementor-field-group-email elementor-col-50 elementor-field-required\">\n\t\t\t\t\t\t\t\t\t\t\t\t<label for=\"form-field-email\" class=\"elementor-field-label elementor-screen-only\">\n\t\t\t\t\t\t\t\tEmail\t\t\t\t\t\t\t<\/label>\n\t\t\t\t\t\t\t\t\t\t\t\t\t\t<input size=\"1\" type=\"email\" name=\"form_fields[email]\" id=\"form-field-email\" class=\"elementor-field elementor-size-sm  elementor-field-textual\" placeholder=\"E-mail\" required=\"required\">\n\t\t\t\t\t\t\t\t\t\t\t<\/div>\n\t\t\t\t\t\t\t\t<div class=\"elementor-field-type-text elementor-field-group elementor-column elementor-field-group-celular elementor-col-50 elementor-field-required\">\n\t\t\t\t\t\t\t\t\t\t\t\t<label for=\"form-field-celular\" class=\"elementor-field-label elementor-screen-only\">\n\t\t\t\t\t\t\t\tTelefone\t\t\t\t\t\t\t<\/label>\n\t\t\t\t\t\t\t\t\t\t\t\t\t\t<input size=\"1\" type=\"text\" name=\"form_fields[celular]\" id=\"form-field-celular\" class=\"elementor-field elementor-size-sm  elementor-field-textual\" placeholder=\"Telefone\" required=\"required\">\n\t\t\t\t\t\t\t\t\t\t\t<\/div>\n\t\t\t\t\t\t\t\t<div class=\"elementor-field-type-text elementor-field-group elementor-column elementor-field-group-empresa elementor-col-50 elementor-field-required\">\n\t\t\t\t\t\t\t\t\t\t\t\t<label for=\"form-field-empresa\" class=\"elementor-field-label elementor-screen-only\">\n\t\t\t\t\t\t\t\tNome da Empresa\t\t\t\t\t\t\t<\/label>\n\t\t\t\t\t\t\t\t\t\t\t\t\t\t<input size=\"1\" type=\"text\" name=\"form_fields[empresa]\" id=\"form-field-empresa\" class=\"elementor-field elementor-size-sm  elementor-field-textual\" placeholder=\"Nome da Empresa\" required=\"required\">\n\t\t\t\t\t\t\t\t\t\t\t<\/div>\n\t\t\t\t\t\t\t\t<div class=\"elementor-field-type-hidden elementor-field-group elementor-column elementor-field-group-utm_source elementor-col-100\">\n\t\t\t\t\t\t\t\t\t\t\t\t\t<input size=\"1\" type=\"hidden\" name=\"form_fields[utm_source]\" id=\"form-field-utm_source\" class=\"elementor-field elementor-size-sm  elementor-field-textual\">\n\t\t\t\t\t\t\t\t\t\t\t<\/div>\n\t\t\t\t\t\t\t\t<div class=\"elementor-field-type-hidden elementor-field-group elementor-column elementor-field-group-utm_medium elementor-col-100\">\n\t\t\t\t\t\t\t\t\t\t\t\t\t<input size=\"1\" type=\"hidden\" name=\"form_fields[utm_medium]\" id=\"form-field-utm_medium\" class=\"elementor-field elementor-size-sm  elementor-field-textual\">\n\t\t\t\t\t\t\t\t\t\t\t<\/div>\n\t\t\t\t\t\t\t\t<div class=\"elementor-field-type-hidden elementor-field-group elementor-column elementor-field-group-utm_term elementor-col-100\">\n\t\t\t\t\t\t\t\t\t\t\t\t\t<input size=\"1\" type=\"hidden\" name=\"form_fields[utm_term]\" id=\"form-field-utm_term\" class=\"elementor-field elementor-size-sm  elementor-field-textual\">\n\t\t\t\t\t\t\t\t\t\t\t<\/div>\n\t\t\t\t\t\t\t\t<div class=\"elementor-field-type-hidden elementor-field-group elementor-column elementor-field-group-utm_campaign elementor-col-100\">\n\t\t\t\t\t\t\t\t\t\t\t\t\t<input size=\"1\" type=\"hidden\" name=\"form_fields[utm_campaign]\" id=\"form-field-utm_campaign\" class=\"elementor-field elementor-size-sm  elementor-field-textual\">\n\t\t\t\t\t\t\t\t\t\t\t<\/div>\n\t\t\t\t\t\t\t\t<div class=\"elementor-field-type-hidden elementor-field-group elementor-column elementor-field-group-utm_content elementor-col-100\">\n\t\t\t\t\t\t\t\t\t\t\t\t\t<input size=\"1\" type=\"hidden\" name=\"form_fields[utm_content]\" id=\"form-field-utm_content\" class=\"elementor-field elementor-size-sm  elementor-field-textual\">\n\t\t\t\t\t\t\t\t\t\t\t<\/div>\n\t\t\t\t\t\t\t\t<div class=\"elementor-field-type-hidden elementor-field-group elementor-column elementor-field-group-utm_placement elementor-col-100\">\n\t\t\t\t\t\t\t\t\t\t\t\t\t<input size=\"1\" type=\"hidden\" name=\"form_fields[utm_placement]\" id=\"form-field-utm_placement\" class=\"elementor-field elementor-size-sm  elementor-field-textual\">\n\t\t\t\t\t\t\t\t\t\t\t<\/div>\n\t\t\t\t\t\t\t\t<div class=\"elementor-field-type-hidden elementor-field-group elementor-column elementor-field-group-pagina elementor-col-100\">\n\t\t\t\t\t\t\t\t\t\t\t\t\t<input size=\"1\" type=\"hidden\" name=\"form_fields[pagina]\" id=\"form-field-pagina\" class=\"elementor-field elementor-size-sm  elementor-field-textual\">\n\t\t\t\t\t\t\t\t\t\t\t<\/div>\n\t\t\t\t\t\t\t\t<div class=\"elementor-field-group elementor-column elementor-field-type-submit elementor-col-100 e-form__buttons\">\n\t\t\t\t\t<button class=\"elementor-button elementor-size-sm\" type=\"submit\">\n\t\t\t\t\t\t<span class=\"elementor-button-content-wrapper\">\n\t\t\t\t\t\t\t\t\t\t\t\t\t\t\t\t\t\t\t\t\t\t<span class=\"elementor-button-text\">realizar pr\u00e9-inscri\u00e7\u00e3o<\/span>\n\t\t\t\t\t\t\t\t\t\t\t\t\t<\/span>\n\t\t\t\t\t<\/button>\n\t\t\t\t<\/div>\n\t\t\t<\/div>\n\t\t<\/form>\n\t\t\t\t\t\t<\/div>\n\t\t\t\t<\/div>\n\t\t\t\t\t<\/div>\n\t\t\t\t<\/div>\n\t\t\t\t<\/div>\n\t\t","protected":false},"excerpt":{"rendered":"<p>Preencha os dados abaixo e tenha acesso ao Formul\u00e1rio de Inscri\u00e7\u00e3o.<\/p>\n","protected":false},"author":1,"featured_media":0,"parent":0,"menu_order":0,"comment_status":"closed","ping_status":"closed","template":"","meta":{"footnotes":""},"class_list":["post-580","page","type-page","status-publish","hentry"],"yoast_head":"<!-- This site is optimized with the Yoast SEO plugin v27.4 - https:\/\/yoast.com\/product\/yoast-seo-wordpress\/ -->\n<title>Pr\u00e9-Inscri\u00e7\u00e3o - Sanepar Labs<\/title>\n<meta name=\"robots\" content=\"index, follow, max-snippet:-1, max-image-preview:large, max-video-preview:-1\" \/>\n<link rel=\"canonical\" href=\"https:\/\/hotmilk.pucpr.br\/saneparlabs\/pre-inscricao\/\" \/>\n<meta property=\"og:locale\" content=\"pt_BR\" \/>\n<meta property=\"og:type\" content=\"article\" \/>\n<meta property=\"og:title\" content=\"Pr\u00e9-Inscri\u00e7\u00e3o - Sanepar Labs\" \/>\n<meta property=\"og:description\" content=\"Preencha os dados abaixo e tenha acesso ao Formul\u00e1rio de Inscri\u00e7\u00e3o.\" \/>\n<meta property=\"og:url\" content=\"https:\/\/hotmilk.pucpr.br\/saneparlabs\/pre-inscricao\/\" \/>\n<meta property=\"og:site_name\" content=\"Sanepar Labs\" \/>\n<meta property=\"article:modified_time\" content=\"2025-08-14T15:05:36+00:00\" \/>\n<meta property=\"og:image\" content=\"https:\/\/hotmilk.pucpr.br\/saneparlabs\/wp-content\/uploads\/2025\/05\/imagem-sanepar-forma.webp\" \/>\n\t<meta property=\"og:image:width\" content=\"466\" \/>\n\t<meta property=\"og:image:height\" content=\"467\" \/>\n\t<meta property=\"og:image:type\" content=\"image\/webp\" \/>\n<meta name=\"twitter:card\" content=\"summary_large_image\" \/>\n<meta name=\"twitter:label1\" content=\"Est. tempo de leitura\" \/>\n\t<meta name=\"twitter:data1\" content=\"1 minuto\" \/>\n<script type=\"application\/ld+json\" class=\"yoast-schema-graph\">{\"@context\":\"https:\\\/\\\/schema.org\",\"@graph\":[{\"@type\":\"WebPage\",\"@id\":\"https:\\\/\\\/hotmilk.pucpr.br\\\/saneparlabs\\\/pre-inscricao\\\/\",\"url\":\"https:\\\/\\\/hotmilk.pucpr.br\\\/saneparlabs\\\/pre-inscricao\\\/\",\"name\":\"Pr\u00e9-Inscri\u00e7\u00e3o - Sanepar Labs\",\"isPartOf\":{\"@id\":\"https:\\\/\\\/hotmilk.pucpr.br\\\/saneparlabs\\\/#website\"},\"primaryImageOfPage\":{\"@id\":\"https:\\\/\\\/hotmilk.pucpr.br\\\/saneparlabs\\\/pre-inscricao\\\/#primaryimage\"},\"image\":{\"@id\":\"https:\\\/\\\/hotmilk.pucpr.br\\\/saneparlabs\\\/pre-inscricao\\\/#primaryimage\"},\"thumbnailUrl\":\"https:\\\/\\\/hotmilk.pucpr.br\\\/saneparlabs\\\/wp-content\\\/uploads\\\/2025\\\/05\\\/logo-saneparlabs-branco.svg\",\"datePublished\":\"2025-06-26T13:33:44+00:00\",\"dateModified\":\"2025-08-14T15:05:36+00:00\",\"breadcrumb\":{\"@id\":\"https:\\\/\\\/hotmilk.pucpr.br\\\/saneparlabs\\\/pre-inscricao\\\/#breadcrumb\"},\"inLanguage\":\"pt-BR\",\"potentialAction\":[{\"@type\":\"ReadAction\",\"target\":[\"https:\\\/\\\/hotmilk.pucpr.br\\\/saneparlabs\\\/pre-inscricao\\\/\"]}]},{\"@type\":\"ImageObject\",\"inLanguage\":\"pt-BR\",\"@id\":\"https:\\\/\\\/hotmilk.pucpr.br\\\/saneparlabs\\\/pre-inscricao\\\/#primaryimage\",\"url\":\"https:\\\/\\\/hotmilk.pucpr.br\\\/saneparlabs\\\/wp-content\\\/uploads\\\/2025\\\/05\\\/logo-saneparlabs-branco.svg\",\"contentUrl\":\"https:\\\/\\\/hotmilk.pucpr.br\\\/saneparlabs\\\/wp-content\\\/uploads\\\/2025\\\/05\\\/logo-saneparlabs-branco.svg\",\"width\":273,\"height\":72},{\"@type\":\"BreadcrumbList\",\"@id\":\"https:\\\/\\\/hotmilk.pucpr.br\\\/saneparlabs\\\/pre-inscricao\\\/#breadcrumb\",\"itemListElement\":[{\"@type\":\"ListItem\",\"position\":1,\"name\":\"In\u00edcio\",\"item\":\"https:\\\/\\\/hotmilk.pucpr.br\\\/saneparlabs\\\/\"},{\"@type\":\"ListItem\",\"position\":2,\"name\":\"Pr\u00e9-Inscri\u00e7\u00e3o\"}]},{\"@type\":\"WebSite\",\"@id\":\"https:\\\/\\\/hotmilk.pucpr.br\\\/saneparlabs\\\/#website\",\"url\":\"https:\\\/\\\/hotmilk.pucpr.br\\\/saneparlabs\\\/\",\"name\":\"Sanepar Labs\",\"description\":\"Solu\u00e7\u00f5es que geram inovabilidade\",\"publisher\":{\"@id\":\"https:\\\/\\\/hotmilk.pucpr.br\\\/saneparlabs\\\/#organization\"},\"potentialAction\":[{\"@type\":\"SearchAction\",\"target\":{\"@type\":\"EntryPoint\",\"urlTemplate\":\"https:\\\/\\\/hotmilk.pucpr.br\\\/saneparlabs\\\/?s={search_term_string}\"},\"query-input\":{\"@type\":\"PropertyValueSpecification\",\"valueRequired\":true,\"valueName\":\"search_term_string\"}}],\"inLanguage\":\"pt-BR\"},{\"@type\":\"Organization\",\"@id\":\"https:\\\/\\\/hotmilk.pucpr.br\\\/saneparlabs\\\/#organization\",\"name\":\"Sanepar Labs\",\"url\":\"https:\\\/\\\/hotmilk.pucpr.br\\\/saneparlabs\\\/\",\"logo\":{\"@type\":\"ImageObject\",\"inLanguage\":\"pt-BR\",\"@id\":\"https:\\\/\\\/hotmilk.pucpr.br\\\/saneparlabs\\\/#\\\/schema\\\/logo\\\/image\\\/\",\"url\":\"https:\\\/\\\/hotmilk.pucpr.br\\\/saneparlabs\\\/wp-content\\\/uploads\\\/2025\\\/05\\\/logo-saneparlabs-azul.svg\",\"contentUrl\":\"https:\\\/\\\/hotmilk.pucpr.br\\\/saneparlabs\\\/wp-content\\\/uploads\\\/2025\\\/05\\\/logo-saneparlabs-azul.svg\",\"width\":273,\"height\":72,\"caption\":\"Sanepar Labs\"},\"image\":{\"@id\":\"https:\\\/\\\/hotmilk.pucpr.br\\\/saneparlabs\\\/#\\\/schema\\\/logo\\\/image\\\/\"}}]}<\/script>\n<!-- \/ Yoast SEO plugin. -->","yoast_head_json":{"title":"Pr\u00e9-Inscri\u00e7\u00e3o - Sanepar Labs","robots":{"index":"index","follow":"follow","max-snippet":"max-snippet:-1","max-image-preview":"max-image-preview:large","max-video-preview":"max-video-preview:-1"},"canonical":"https:\/\/hotmilk.pucpr.br\/saneparlabs\/pre-inscricao\/","og_locale":"pt_BR","og_type":"article","og_title":"Pr\u00e9-Inscri\u00e7\u00e3o - Sanepar Labs","og_description":"Preencha os dados abaixo e tenha acesso ao Formul\u00e1rio de Inscri\u00e7\u00e3o.","og_url":"https:\/\/hotmilk.pucpr.br\/saneparlabs\/pre-inscricao\/","og_site_name":"Sanepar Labs","article_modified_time":"2025-08-14T15:05:36+00:00","og_image":[{"width":466,"height":467,"url":"https:\/\/hotmilk.pucpr.br\/saneparlabs\/wp-content\/uploads\/2025\/05\/imagem-sanepar-forma.webp","type":"image\/webp"}],"twitter_card":"summary_large_image","twitter_misc":{"Est. tempo de leitura":"1 minuto"},"schema":{"@context":"https:\/\/schema.org","@graph":[{"@type":"WebPage","@id":"https:\/\/hotmilk.pucpr.br\/saneparlabs\/pre-inscricao\/","url":"https:\/\/hotmilk.pucpr.br\/saneparlabs\/pre-inscricao\/","name":"Pr\u00e9-Inscri\u00e7\u00e3o - Sanepar Labs","isPartOf":{"@id":"https:\/\/hotmilk.pucpr.br\/saneparlabs\/#website"},"primaryImageOfPage":{"@id":"https:\/\/hotmilk.pucpr.br\/saneparlabs\/pre-inscricao\/#primaryimage"},"image":{"@id":"https:\/\/hotmilk.pucpr.br\/saneparlabs\/pre-inscricao\/#primaryimage"},"thumbnailUrl":"https:\/\/hotmilk.pucpr.br\/saneparlabs\/wp-content\/uploads\/2025\/05\/logo-saneparlabs-branco.svg","datePublished":"2025-06-26T13:33:44+00:00","dateModified":"2025-08-14T15:05:36+00:00","breadcrumb":{"@id":"https:\/\/hotmilk.pucpr.br\/saneparlabs\/pre-inscricao\/#breadcrumb"},"inLanguage":"pt-BR","potentialAction":[{"@type":"ReadAction","target":["https:\/\/hotmilk.pucpr.br\/saneparlabs\/pre-inscricao\/"]}]},{"@type":"ImageObject","inLanguage":"pt-BR","@id":"https:\/\/hotmilk.pucpr.br\/saneparlabs\/pre-inscricao\/#primaryimage","url":"https:\/\/hotmilk.pucpr.br\/saneparlabs\/wp-content\/uploads\/2025\/05\/logo-saneparlabs-branco.svg","contentUrl":"https:\/\/hotmilk.pucpr.br\/saneparlabs\/wp-content\/uploads\/2025\/05\/logo-saneparlabs-branco.svg","width":273,"height":72},{"@type":"BreadcrumbList","@id":"https:\/\/hotmilk.pucpr.br\/saneparlabs\/pre-inscricao\/#breadcrumb","itemListElement":[{"@type":"ListItem","position":1,"name":"In\u00edcio","item":"https:\/\/hotmilk.pucpr.br\/saneparlabs\/"},{"@type":"ListItem","position":2,"name":"Pr\u00e9-Inscri\u00e7\u00e3o"}]},{"@type":"WebSite","@id":"https:\/\/hotmilk.pucpr.br\/saneparlabs\/#website","url":"https:\/\/hotmilk.pucpr.br\/saneparlabs\/","name":"Sanepar Labs","description":"Solu\u00e7\u00f5es que geram inovabilidade","publisher":{"@id":"https:\/\/hotmilk.pucpr.br\/saneparlabs\/#organization"},"potentialAction":[{"@type":"SearchAction","target":{"@type":"EntryPoint","urlTemplate":"https:\/\/hotmilk.pucpr.br\/saneparlabs\/?s={search_term_string}"},"query-input":{"@type":"PropertyValueSpecification","valueRequired":true,"valueName":"search_term_string"}}],"inLanguage":"pt-BR"},{"@type":"Organization","@id":"https:\/\/hotmilk.pucpr.br\/saneparlabs\/#organization","name":"Sanepar Labs","url":"https:\/\/hotmilk.pucpr.br\/saneparlabs\/","logo":{"@type":"ImageObject","inLanguage":"pt-BR","@id":"https:\/\/hotmilk.pucpr.br\/saneparlabs\/#\/schema\/logo\/image\/","url":"https:\/\/hotmilk.pucpr.br\/saneparlabs\/wp-content\/uploads\/2025\/05\/logo-saneparlabs-azul.svg","contentUrl":"https:\/\/hotmilk.pucpr.br\/saneparlabs\/wp-content\/uploads\/2025\/05\/logo-saneparlabs-azul.svg","width":273,"height":72,"caption":"Sanepar Labs"},"image":{"@id":"https:\/\/hotmilk.pucpr.br\/saneparlabs\/#\/schema\/logo\/image\/"}}]}},"_links":{"self":[{"href":"https:\/\/hotmilk.pucpr.br\/saneparlabs\/wp-json\/wp\/v2\/pages\/580","targetHints":{"allow":["GET"]}}],"collection":[{"href":"https:\/\/hotmilk.pucpr.br\/saneparlabs\/wp-json\/wp\/v2\/pages"}],"about":[{"href":"https:\/\/hotmilk.pucpr.br\/saneparlabs\/wp-json\/wp\/v2\/types\/page"}],"author":[{"embeddable":true,"href":"https:\/\/hotmilk.pucpr.br\/saneparlabs\/wp-json\/wp\/v2\/users\/1"}],"replies":[{"embeddable":true,"href":"https:\/\/hotmilk.pucpr.br\/saneparlabs\/wp-json\/wp\/v2\/comments?post=580"}],"version-history":[{"count":0,"href":"https:\/\/hotmilk.pucpr.br\/saneparlabs\/wp-json\/wp\/v2\/pages\/580\/revisions"}],"wp:attachment":[{"href":"https:\/\/hotmilk.pucpr.br\/saneparlabs\/wp-json\/wp\/v2\/media?parent=580"}],"curies":[{"name":"wp","href":"https:\/\/api.w.org\/{rel}","templated":true}]}}