{"id":1483,"date":"2022-11-11T20:51:07","date_gmt":"2022-11-11T20:51:07","guid":{"rendered":"https:\/\/hotmilk.pucpr.br\/inovacao-pucpr\/?page_id=1483"},"modified":"2022-11-21T13:41:47","modified_gmt":"2022-11-21T13:41:47","slug":"pre-inscricao","status":"publish","type":"page","link":"https:\/\/hotmilk.pucpr.br\/inovacao-pucpr\/pre-inscricao\/","title":{"rendered":"Pr\u00e9-Inscri\u00e7\u00e3o"},"content":{"rendered":"\t\t<div data-elementor-type=\"wp-page\" data-elementor-id=\"1483\" class=\"elementor elementor-1483\" data-elementor-post-type=\"page\">\n\t\t\t\t\t\t<section class=\"elementor-section elementor-top-section elementor-element elementor-element-0286388 elementor-section-height-full elementor-section-boxed elementor-section-height-default elementor-section-items-middle\" data-id=\"0286388\" data-element_type=\"section\" data-e-type=\"section\" data-settings=\"{&quot;background_background&quot;:&quot;classic&quot;}\">\n\t\t\t\t\t\t<div class=\"elementor-container elementor-column-gap-default\">\n\t\t\t\t\t<div class=\"elementor-column elementor-col-100 elementor-top-column elementor-element elementor-element-79b521f\" data-id=\"79b521f\" data-element_type=\"column\" data-e-type=\"column\">\n\t\t\t<div class=\"elementor-widget-wrap elementor-element-populated\">\n\t\t\t\t\t\t<section class=\"elementor-section elementor-inner-section elementor-element elementor-element-e675dae elementor-section-boxed elementor-section-height-default elementor-section-height-default\" data-id=\"e675dae\" data-element_type=\"section\" data-e-type=\"section\">\n\t\t\t\t\t\t<div class=\"elementor-container elementor-column-gap-default\">\n\t\t\t\t\t<div class=\"elementor-column elementor-col-100 elementor-inner-column elementor-element elementor-element-0fd1cb5\" data-id=\"0fd1cb5\" data-element_type=\"column\" data-e-type=\"column\">\n\t\t\t<div class=\"elementor-widget-wrap elementor-element-populated\">\n\t\t\t\t\t\t<div class=\"elementor-element elementor-element-fe52394 elementor-widget elementor-widget-image\" data-id=\"fe52394\" data-element_type=\"widget\" data-e-type=\"widget\" data-widget_type=\"image.default\">\n\t\t\t\t<div class=\"elementor-widget-container\">\n\t\t\t\t\t\t\t\t\t\t\t\t\t\t\t<img fetchpriority=\"high\" decoding=\"async\" width=\"964\" height=\"371\" src=\"https:\/\/hotmilk.pucpr.br\/inovacao-pucpr\/wp-content\/uploads\/2022\/09\/LOGO-PUCPR-branca.svg\" class=\"attachment-full size-full wp-image-35\" alt=\"\" \/>\t\t\t\t\t\t\t\t\t\t\t\t\t\t\t<\/div>\n\t\t\t\t<\/div>\n\t\t\t\t\t<\/div>\n\t\t<\/div>\n\t\t\t\t\t<\/div>\n\t\t<\/section>\n\t\t\t\t<section class=\"elementor-section elementor-inner-section elementor-element elementor-element-8068179 elementor-section-boxed elementor-section-height-default elementor-section-height-default\" data-id=\"8068179\" data-element_type=\"section\" data-e-type=\"section\">\n\t\t\t\t\t\t<div class=\"elementor-container elementor-column-gap-default\">\n\t\t\t\t\t<div class=\"elementor-column elementor-col-100 elementor-inner-column elementor-element elementor-element-f229238\" data-id=\"f229238\" data-element_type=\"column\" data-e-type=\"column\">\n\t\t\t<div class=\"elementor-widget-wrap elementor-element-populated\">\n\t\t\t\t\t\t<div class=\"elementor-element elementor-element-f8ddb72 elementor-widget elementor-widget-heading\" data-id=\"f8ddb72\" data-element_type=\"widget\" data-e-type=\"widget\" data-widget_type=\"heading.default\">\n\t\t\t\t<div class=\"elementor-widget-container\">\n\t\t\t\t\t<h3 class=\"elementor-heading-title elementor-size-default\">Preencha os dados abaixo e tenha acesso ao<\/h3>\t\t\t\t<\/div>\n\t\t\t\t<\/div>\n\t\t\t\t<div class=\"elementor-element elementor-element-1bd2eeb elementor-widget elementor-widget-heading\" data-id=\"1bd2eeb\" data-element_type=\"widget\" data-e-type=\"widget\" data-widget_type=\"heading.default\">\n\t\t\t\t<div class=\"elementor-widget-container\">\n\t\t\t\t\t<h2 class=\"elementor-heading-title elementor-size-default\">Formul\u00e1rio de Inscri\u00e7\u00e3o<\/h2>\t\t\t\t<\/div>\n\t\t\t\t<\/div>\n\t\t\t\t<div class=\"elementor-element elementor-element-5bc5656 elementor-button-align-stretch elementor-widget elementor-widget-form\" data-id=\"5bc5656\" data-element_type=\"widget\" data-e-type=\"widget\" data-settings=\"{&quot;step_next_label&quot;:&quot;Pr\\u00f3ximo&quot;,&quot;step_previous_label&quot;:&quot;Anterior&quot;,&quot;button_width&quot;:&quot;100&quot;,&quot;step_type&quot;:&quot;number_text&quot;,&quot;step_icon_shape&quot;:&quot;circle&quot;}\" data-widget_type=\"form.default\">\n\t\t\t\t<div class=\"elementor-widget-container\">\n\t\t\t\t\t\t\t<form class=\"elementor-form\" method=\"post\" name=\"Pre_Inscr_Prog_Inovacao_PUCPR\" aria-label=\"Pre_Inscr_Prog_Inovacao_PUCPR\">\n\t\t\t<input type=\"hidden\" name=\"post_id\" value=\"1483\"\/>\n\t\t\t<input type=\"hidden\" name=\"form_id\" value=\"5bc5656\"\/>\n\t\t\t<input type=\"hidden\" name=\"referer_title\" value=\"Programa de Inova\u00e7\u00e3o PUCPR\" \/>\n\n\t\t\t\n\t\t\t<div class=\"elementor-form-fields-wrapper elementor-labels-\">\n\t\t\t\t\t\t\t\t<div class=\"elementor-field-type-text elementor-field-group elementor-column elementor-field-group-nome elementor-col-100 elementor-field-required\">\n\t\t\t\t\t\t\t\t\t\t\t\t<label for=\"form-field-nome\" class=\"elementor-field-label elementor-screen-only\">\n\t\t\t\t\t\t\t\tSeu nome completo\t\t\t\t\t\t\t<\/label>\n\t\t\t\t\t\t\t\t\t\t\t\t\t\t<input size=\"1\" type=\"text\" name=\"form_fields[nome]\" id=\"form-field-nome\" class=\"elementor-field elementor-size-sm  elementor-field-textual\" placeholder=\"Seu nome completo\" required=\"required\">\n\t\t\t\t\t\t\t\t\t\t\t<\/div>\n\t\t\t\t\t\t\t\t<div class=\"elementor-field-type-email elementor-field-group elementor-column elementor-field-group-email elementor-col-100 elementor-field-required\">\n\t\t\t\t\t\t\t\t\t\t\t\t<label for=\"form-field-email\" class=\"elementor-field-label elementor-screen-only\">\n\t\t\t\t\t\t\t\tSeu e-mail\t\t\t\t\t\t\t<\/label>\n\t\t\t\t\t\t\t\t\t\t\t\t\t\t<input size=\"1\" type=\"email\" name=\"form_fields[email]\" id=\"form-field-email\" class=\"elementor-field elementor-size-sm  elementor-field-textual\" placeholder=\"Seu e-mail\" required=\"required\">\n\t\t\t\t\t\t\t\t\t\t\t<\/div>\n\t\t\t\t\t\t\t\t<div class=\"elementor-field-type-text elementor-field-group elementor-column elementor-field-group-telefone elementor-col-100 elementor-field-required\">\n\t\t\t\t\t\t\t\t\t\t\t\t<label for=\"form-field-telefone\" class=\"elementor-field-label elementor-screen-only\">\n\t\t\t\t\t\t\t\tSeu telefone\t\t\t\t\t\t\t<\/label>\n\t\t\t\t\t\t\t\t\t\t\t\t\t\t<input size=\"1\" type=\"text\" name=\"form_fields[telefone]\" id=\"form-field-telefone\" class=\"elementor-field elementor-size-sm  elementor-field-textual\" placeholder=\"Seu telefone\" required=\"required\">\n\t\t\t\t\t\t\t\t\t\t\t<\/div>\n\t\t\t\t\t\t\t\t<div class=\"elementor-field-type-text elementor-field-group elementor-column elementor-field-group-startup elementor-col-100 elementor-field-required\">\n\t\t\t\t\t\t\t\t\t\t\t\t<label for=\"form-field-startup\" class=\"elementor-field-label elementor-screen-only\">\n\t\t\t\t\t\t\t\tNome da sua startup\t\t\t\t\t\t\t<\/label>\n\t\t\t\t\t\t\t\t\t\t\t\t\t\t<input size=\"1\" type=\"text\" name=\"form_fields[startup]\" id=\"form-field-startup\" class=\"elementor-field elementor-size-sm  elementor-field-textual\" placeholder=\"Nome da sua startup\" required=\"required\">\n\t\t\t\t\t\t\t\t\t\t\t<\/div>\n\t\t\t\t\t\t\t\t<div class=\"elementor-field-type-select elementor-field-group elementor-column elementor-field-group-desafio elementor-col-100 elementor-field-required\">\n\t\t\t\t\t\t\t\t\t\t\t\t<label for=\"form-field-desafio\" class=\"elementor-field-label elementor-screen-only\">\n\t\t\t\t\t\t\t\tDesafio\t\t\t\t\t\t\t<\/label>\n\t\t\t\t\t\t\t\t<div class=\"elementor-field elementor-select-wrapper remove-before \">\n\t\t\t<div class=\"select-caret-down-wrapper\">\n\t\t\t\t<i aria-hidden=\"true\" class=\"eicon-caret-down\"><\/i>\t\t\t<\/div>\n\t\t\t<select name=\"form_fields[desafio]\" id=\"form-field-desafio\" class=\"elementor-field-textual elementor-size-sm\" required=\"required\">\n\t\t\t\t\t\t\t\t\t<option value=\" \">Selecione seu Desafio<\/option>\n\t\t\t\t\t\t\t\t\t<option value=\"[Desafio 1] MODELO DE NEG&Oacute;CIO\">[Desafio 1] MODELO DE NEG\u00d3CIO<\/option>\n\t\t\t\t\t\t\t\t\t<option value=\"[Desafio 2] AMBIENTES E M&Eacute;TODOS EDUCACIONAIS\">[Desafio 2] AMBIENTES E M\u00c9TODOS EDUCACIONAIS<\/option>\n\t\t\t\t\t\t\t\t\t<option value=\"[Desafio 3] PLATAFORMA\">[Desafio 3] PLATAFORMA<\/option>\n\t\t\t\t\t\t\t\t\t<option value=\"[Desafio 4] GEST&Atilde;O E DESENVOLVIMENTO E INTELIG&Ecirc;NCIA COMERCIAL\">[Desafio 4] GEST\u00c3O E DESENVOLVIMENTO E INTELIG\u00caNCIA COMERCIAL<\/option>\n\t\t\t\t\t\t\t\t\t<option value=\"[Desafio 5] JORNADA DO CLIENTE\">[Desafio 5] JORNADA DO CLIENTE<\/option>\n\t\t\t\t\t\t\t\t\t<option value=\"[Desafio 6] CROSS SELLING: EDUCA&Ccedil;&Atilde;O E NOVOS NEG&Oacute;CIOS\">[Desafio 6] CROSS SELLING: EDUCA\u00c7\u00c3O E NOVOS NEG\u00d3CIOS<\/option>\n\t\t\t\t\t\t\t\t\t<option value=\"[Desafio 7] OUTRAS SOLU&Ccedil;&Otilde;ES\">[Desafio 7] OUTRAS SOLU\u00c7\u00d5ES<\/option>\n\t\t\t\t\t\t\t<\/select>\n\t\t<\/div>\n\t\t\t\t\t\t<\/div>\n\t\t\t\t\t\t\t\t<div class=\"elementor-field-group elementor-column elementor-field-type-submit elementor-col-100 e-form__buttons\">\n\t\t\t\t\t<button class=\"elementor-button elementor-size-sm\" type=\"submit\">\n\t\t\t\t\t\t<span class=\"elementor-button-content-wrapper\">\n\t\t\t\t\t\t\t\t\t\t\t\t\t\t\t\t\t\t\t\t\t\t<span class=\"elementor-button-text\">Enviar<\/span>\n\t\t\t\t\t\t\t\t\t\t\t\t\t<\/span>\n\t\t\t\t\t<\/button>\n\t\t\t\t<\/div>\n\t\t\t<\/div>\n\t\t<\/form>\n\t\t\t\t\t\t<\/div>\n\t\t\t\t<\/div>\n\t\t\t\t\t<\/div>\n\t\t<\/div>\n\t\t\t\t\t<\/div>\n\t\t<\/section>\n\t\t\t\t\t<\/div>\n\t\t<\/div>\n\t\t\t\t\t<\/div>\n\t\t<\/section>\n\t\t\t\t<\/div>\n\t\t","protected":false},"excerpt":{"rendered":"<p>Preencha os dados abaixo e tenha acesso ao Formul\u00e1rio de Inscri\u00e7\u00e3o<\/p>\n","protected":false},"author":2,"featured_media":0,"parent":0,"menu_order":0,"comment_status":"closed","ping_status":"closed","template":"elementor_header_footer","meta":{"inline_featured_image":false,"site-sidebar-layout":"no-sidebar","site-content-layout":"page-builder","ast-site-content-layout":"default","site-content-style":"default","site-sidebar-style":"default","ast-global-header-display":"","ast-banner-title-visibility":"","ast-main-header-display":"","ast-hfb-above-header-display":"","ast-hfb-below-header-display":"","ast-hfb-mobile-header-display":"","site-post-title":"disabled","ast-breadcrumbs-content":"","ast-featured-img":"disabled","footer-sml-layout":"","theme-transparent-header-meta":"default","adv-header-id-meta":"","stick-header-meta":"","header-above-stick-meta":"","header-main-stick-meta":"","header-below-stick-meta":"","astra-migrate-meta-layouts":"default","ast-page-background-enabled":"default","ast-page-background-meta":{"desktop":{"background-color":"var(--ast-global-color-4)","background-image":"","background-repeat":"repeat","background-position":"center center","background-size":"auto","background-attachment":"scroll","background-type":"","background-media":"","overlay-type":"","overlay-color":"","overlay-opacity":"","overlay-gradient":""},"tablet":{"background-color":"","background-image":"","background-repeat":"repeat","background-position":"center center","background-size":"auto","background-attachment":"scroll","background-type":"","background-media":"","overlay-type":"","overlay-color":"","overlay-opacity":"","overlay-gradient":""},"mobile":{"background-color":"","background-image":"","background-repeat":"repeat","background-position":"center center","background-size":"auto","background-attachment":"scroll","background-type":"","background-media":"","overlay-type":"","overlay-color":"","overlay-opacity":"","overlay-gradient":""}},"ast-content-background-meta":{"desktop":{"background-color":"var(--ast-global-color-5)","background-image":"","background-repeat":"repeat","background-position":"center center","background-size":"auto","background-attachment":"scroll","background-type":"","background-media":"","overlay-type":"","overlay-color":"","overlay-opacity":"","overlay-gradient":""},"tablet":{"background-color":"var(--ast-global-color-5)","background-image":"","background-repeat":"repeat","background-position":"center center","background-size":"auto","background-attachment":"scroll","background-type":"","background-media":"","overlay-type":"","overlay-color":"","overlay-opacity":"","overlay-gradient":""},"mobile":{"background-color":"var(--ast-global-color-5)","background-image":"","background-repeat":"repeat","background-position":"center center","background-size":"auto","background-attachment":"scroll","background-type":"","background-media":"","overlay-type":"","overlay-color":"","overlay-opacity":"","overlay-gradient":""}},"footnotes":""},"class_list":["post-1483","page","type-page","status-publish","hentry"],"yoast_head":"<!-- This site is optimized with the Yoast SEO plugin v27.2 - https:\/\/yoast.com\/product\/yoast-seo-wordpress\/ -->\n<title>Pr\u00e9-Inscri\u00e7\u00e3o | Programa de Inova\u00e7\u00e3o PUCPR<\/title>\n<meta name=\"robots\" content=\"index, follow, max-snippet:-1, max-image-preview:large, max-video-preview:-1\" \/>\n<link rel=\"canonical\" href=\"https:\/\/hotmilk.pucpr.br\/inovacao-pucpr\/pre-inscricao\/\" \/>\n<meta property=\"og:locale\" content=\"pt_BR\" \/>\n<meta property=\"og:type\" content=\"article\" \/>\n<meta property=\"og:title\" content=\"Pr\u00e9-Inscri\u00e7\u00e3o | Programa de Inova\u00e7\u00e3o PUCPR\" \/>\n<meta property=\"og:description\" content=\"Preencha os dados abaixo e tenha acesso ao Formul\u00e1rio de Inscri\u00e7\u00e3o\" \/>\n<meta property=\"og:url\" content=\"https:\/\/hotmilk.pucpr.br\/inovacao-pucpr\/pre-inscricao\/\" \/>\n<meta property=\"og:site_name\" content=\"Programa de Inova\u00e7\u00e3o PUCPR\" \/>\n<meta property=\"article:modified_time\" content=\"2022-11-21T13:41:47+00:00\" \/>\n<meta property=\"og:image\" content=\"https:\/\/hotmilk.pucpr.br\/inovacao-pucpr\/wp-content\/uploads\/2022\/09\/LOGO-PUCPR-branca.svg\" \/>\n<meta name=\"twitter:card\" content=\"summary_large_image\" \/>\n<script type=\"application\/ld+json\" class=\"yoast-schema-graph\">{\"@context\":\"https:\/\/schema.org\",\"@graph\":[{\"@type\":\"WebPage\",\"@id\":\"https:\/\/hotmilk.pucpr.br\/inovacao-pucpr\/pre-inscricao\/\",\"url\":\"https:\/\/hotmilk.pucpr.br\/inovacao-pucpr\/pre-inscricao\/\",\"name\":\"Pr\u00e9-Inscri\u00e7\u00e3o | Programa de Inova\u00e7\u00e3o PUCPR\",\"isPartOf\":{\"@id\":\"https:\/\/hotmilk.pucpr.br\/inovacao-pucpr\/#website\"},\"primaryImageOfPage\":{\"@id\":\"https:\/\/hotmilk.pucpr.br\/inovacao-pucpr\/pre-inscricao\/#primaryimage\"},\"image\":{\"@id\":\"https:\/\/hotmilk.pucpr.br\/inovacao-pucpr\/pre-inscricao\/#primaryimage\"},\"thumbnailUrl\":\"https:\/\/hotmilk.pucpr.br\/inovacao-pucpr\/wp-content\/uploads\/2022\/09\/LOGO-PUCPR-branca.svg\",\"datePublished\":\"2022-11-11T20:51:07+00:00\",\"dateModified\":\"2022-11-21T13:41:47+00:00\",\"breadcrumb\":{\"@id\":\"https:\/\/hotmilk.pucpr.br\/inovacao-pucpr\/pre-inscricao\/#breadcrumb\"},\"inLanguage\":\"pt-BR\",\"potentialAction\":[{\"@type\":\"ReadAction\",\"target\":[\"https:\/\/hotmilk.pucpr.br\/inovacao-pucpr\/pre-inscricao\/\"]}]},{\"@type\":\"ImageObject\",\"inLanguage\":\"pt-BR\",\"@id\":\"https:\/\/hotmilk.pucpr.br\/inovacao-pucpr\/pre-inscricao\/#primaryimage\",\"url\":\"https:\/\/hotmilk.pucpr.br\/inovacao-pucpr\/wp-content\/uploads\/2022\/09\/LOGO-PUCPR-branca.svg\",\"contentUrl\":\"https:\/\/hotmilk.pucpr.br\/inovacao-pucpr\/wp-content\/uploads\/2022\/09\/LOGO-PUCPR-branca.svg\",\"width\":964,\"height\":371},{\"@type\":\"BreadcrumbList\",\"@id\":\"https:\/\/hotmilk.pucpr.br\/inovacao-pucpr\/pre-inscricao\/#breadcrumb\",\"itemListElement\":[{\"@type\":\"ListItem\",\"position\":1,\"name\":\"In\u00edcio\",\"item\":\"https:\/\/hotmilk.pucpr.br\/inovacao-pucpr\/\"},{\"@type\":\"ListItem\",\"position\":2,\"name\":\"Pr\u00e9-Inscri\u00e7\u00e3o\"}]},{\"@type\":\"WebSite\",\"@id\":\"https:\/\/hotmilk.pucpr.br\/inovacao-pucpr\/#website\",\"url\":\"https:\/\/hotmilk.pucpr.br\/inovacao-pucpr\/\",\"name\":\"Programa de Inova\u00e7\u00e3o PUCPR\",\"description\":\"Programa de Inova\u00e7\u00e3o PUCPR\",\"publisher\":{\"@id\":\"https:\/\/hotmilk.pucpr.br\/inovacao-pucpr\/#organization\"},\"potentialAction\":[{\"@type\":\"SearchAction\",\"target\":{\"@type\":\"EntryPoint\",\"urlTemplate\":\"https:\/\/hotmilk.pucpr.br\/inovacao-pucpr\/?s={search_term_string}\"},\"query-input\":{\"@type\":\"PropertyValueSpecification\",\"valueRequired\":true,\"valueName\":\"search_term_string\"}}],\"inLanguage\":\"pt-BR\"},{\"@type\":\"Organization\",\"@id\":\"https:\/\/hotmilk.pucpr.br\/inovacao-pucpr\/#organization\",\"name\":\"Programa de Inova\u00e7\u00e3o PUCPR\",\"url\":\"https:\/\/hotmilk.pucpr.br\/inovacao-pucpr\/\",\"logo\":{\"@type\":\"ImageObject\",\"inLanguage\":\"pt-BR\",\"@id\":\"https:\/\/hotmilk.pucpr.br\/inovacao-pucpr\/#\/schema\/logo\/image\/\",\"url\":\"https:\/\/hotmilk.pucpr.br\/inovacao-pucpr\/wp-content\/uploads\/2022\/09\/LOGO-PUCPR-cinza-escuro.svg\",\"contentUrl\":\"https:\/\/hotmilk.pucpr.br\/inovacao-pucpr\/wp-content\/uploads\/2022\/09\/LOGO-PUCPR-cinza-escuro.svg\",\"width\":964,\"height\":371,\"caption\":\"Programa de Inova\u00e7\u00e3o PUCPR\"},\"image\":{\"@id\":\"https:\/\/hotmilk.pucpr.br\/inovacao-pucpr\/#\/schema\/logo\/image\/\"}}]}<\/script>\n<!-- \/ Yoast SEO plugin. -->","yoast_head_json":{"title":"Pr\u00e9-Inscri\u00e7\u00e3o | Programa de Inova\u00e7\u00e3o PUCPR","robots":{"index":"index","follow":"follow","max-snippet":"max-snippet:-1","max-image-preview":"max-image-preview:large","max-video-preview":"max-video-preview:-1"},"canonical":"https:\/\/hotmilk.pucpr.br\/inovacao-pucpr\/pre-inscricao\/","og_locale":"pt_BR","og_type":"article","og_title":"Pr\u00e9-Inscri\u00e7\u00e3o | Programa de Inova\u00e7\u00e3o PUCPR","og_description":"Preencha os dados abaixo e tenha acesso ao Formul\u00e1rio de Inscri\u00e7\u00e3o","og_url":"https:\/\/hotmilk.pucpr.br\/inovacao-pucpr\/pre-inscricao\/","og_site_name":"Programa de Inova\u00e7\u00e3o PUCPR","article_modified_time":"2022-11-21T13:41:47+00:00","og_image":[{"url":"https:\/\/hotmilk.pucpr.br\/inovacao-pucpr\/wp-content\/uploads\/2022\/09\/LOGO-PUCPR-branca.svg","type":"","width":"","height":""}],"twitter_card":"summary_large_image","schema":{"@context":"https:\/\/schema.org","@graph":[{"@type":"WebPage","@id":"https:\/\/hotmilk.pucpr.br\/inovacao-pucpr\/pre-inscricao\/","url":"https:\/\/hotmilk.pucpr.br\/inovacao-pucpr\/pre-inscricao\/","name":"Pr\u00e9-Inscri\u00e7\u00e3o | Programa de Inova\u00e7\u00e3o PUCPR","isPartOf":{"@id":"https:\/\/hotmilk.pucpr.br\/inovacao-pucpr\/#website"},"primaryImageOfPage":{"@id":"https:\/\/hotmilk.pucpr.br\/inovacao-pucpr\/pre-inscricao\/#primaryimage"},"image":{"@id":"https:\/\/hotmilk.pucpr.br\/inovacao-pucpr\/pre-inscricao\/#primaryimage"},"thumbnailUrl":"https:\/\/hotmilk.pucpr.br\/inovacao-pucpr\/wp-content\/uploads\/2022\/09\/LOGO-PUCPR-branca.svg","datePublished":"2022-11-11T20:51:07+00:00","dateModified":"2022-11-21T13:41:47+00:00","breadcrumb":{"@id":"https:\/\/hotmilk.pucpr.br\/inovacao-pucpr\/pre-inscricao\/#breadcrumb"},"inLanguage":"pt-BR","potentialAction":[{"@type":"ReadAction","target":["https:\/\/hotmilk.pucpr.br\/inovacao-pucpr\/pre-inscricao\/"]}]},{"@type":"ImageObject","inLanguage":"pt-BR","@id":"https:\/\/hotmilk.pucpr.br\/inovacao-pucpr\/pre-inscricao\/#primaryimage","url":"https:\/\/hotmilk.pucpr.br\/inovacao-pucpr\/wp-content\/uploads\/2022\/09\/LOGO-PUCPR-branca.svg","contentUrl":"https:\/\/hotmilk.pucpr.br\/inovacao-pucpr\/wp-content\/uploads\/2022\/09\/LOGO-PUCPR-branca.svg","width":964,"height":371},{"@type":"BreadcrumbList","@id":"https:\/\/hotmilk.pucpr.br\/inovacao-pucpr\/pre-inscricao\/#breadcrumb","itemListElement":[{"@type":"ListItem","position":1,"name":"In\u00edcio","item":"https:\/\/hotmilk.pucpr.br\/inovacao-pucpr\/"},{"@type":"ListItem","position":2,"name":"Pr\u00e9-Inscri\u00e7\u00e3o"}]},{"@type":"WebSite","@id":"https:\/\/hotmilk.pucpr.br\/inovacao-pucpr\/#website","url":"https:\/\/hotmilk.pucpr.br\/inovacao-pucpr\/","name":"Programa de Inova\u00e7\u00e3o PUCPR","description":"Programa de Inova\u00e7\u00e3o PUCPR","publisher":{"@id":"https:\/\/hotmilk.pucpr.br\/inovacao-pucpr\/#organization"},"potentialAction":[{"@type":"SearchAction","target":{"@type":"EntryPoint","urlTemplate":"https:\/\/hotmilk.pucpr.br\/inovacao-pucpr\/?s={search_term_string}"},"query-input":{"@type":"PropertyValueSpecification","valueRequired":true,"valueName":"search_term_string"}}],"inLanguage":"pt-BR"},{"@type":"Organization","@id":"https:\/\/hotmilk.pucpr.br\/inovacao-pucpr\/#organization","name":"Programa de Inova\u00e7\u00e3o PUCPR","url":"https:\/\/hotmilk.pucpr.br\/inovacao-pucpr\/","logo":{"@type":"ImageObject","inLanguage":"pt-BR","@id":"https:\/\/hotmilk.pucpr.br\/inovacao-pucpr\/#\/schema\/logo\/image\/","url":"https:\/\/hotmilk.pucpr.br\/inovacao-pucpr\/wp-content\/uploads\/2022\/09\/LOGO-PUCPR-cinza-escuro.svg","contentUrl":"https:\/\/hotmilk.pucpr.br\/inovacao-pucpr\/wp-content\/uploads\/2022\/09\/LOGO-PUCPR-cinza-escuro.svg","width":964,"height":371,"caption":"Programa de Inova\u00e7\u00e3o PUCPR"},"image":{"@id":"https:\/\/hotmilk.pucpr.br\/inovacao-pucpr\/#\/schema\/logo\/image\/"}}]}},"_links":{"self":[{"href":"https:\/\/hotmilk.pucpr.br\/inovacao-pucpr\/wp-json\/wp\/v2\/pages\/1483","targetHints":{"allow":["GET"]}}],"collection":[{"href":"https:\/\/hotmilk.pucpr.br\/inovacao-pucpr\/wp-json\/wp\/v2\/pages"}],"about":[{"href":"https:\/\/hotmilk.pucpr.br\/inovacao-pucpr\/wp-json\/wp\/v2\/types\/page"}],"author":[{"embeddable":true,"href":"https:\/\/hotmilk.pucpr.br\/inovacao-pucpr\/wp-json\/wp\/v2\/users\/2"}],"replies":[{"embeddable":true,"href":"https:\/\/hotmilk.pucpr.br\/inovacao-pucpr\/wp-json\/wp\/v2\/comments?post=1483"}],"version-history":[{"count":64,"href":"https:\/\/hotmilk.pucpr.br\/inovacao-pucpr\/wp-json\/wp\/v2\/pages\/1483\/revisions"}],"predecessor-version":[{"id":1971,"href":"https:\/\/hotmilk.pucpr.br\/inovacao-pucpr\/wp-json\/wp\/v2\/pages\/1483\/revisions\/1971"}],"wp:attachment":[{"href":"https:\/\/hotmilk.pucpr.br\/inovacao-pucpr\/wp-json\/wp\/v2\/media?parent=1483"}],"curies":[{"name":"wp","href":"https:\/\/api.w.org\/{rel}","templated":true}]}}